{"id":8,"date":"2025-09-29T21:50:33","date_gmt":"2025-09-29T19:50:33","guid":{"rendered":"https:\/\/asesoriamundo.com\/?page_id=8"},"modified":"2025-12-15T11:30:25","modified_gmt":"2025-12-15T10:30:25","slug":"sobre-nosotros","status":"publish","type":"page","link":"https:\/\/asesoriamundo.com\/index.php\/sobre-nosotros\/","title":{"rendered":"Sobre nosotros"},"content":{"rendered":"\n<div class=\"wp-block-group alignfull has-accent-background-color has-background is-layout-constrained wp-container-core-group-is-layout-669513ed wp-block-group-is-layout-constrained\" style=\"margin-top:0;margin-bottom:0;padding-top:var(--wp--preset--spacing--50);padding-right:var(--wp--preset--spacing--50);padding-bottom:var(--wp--preset--spacing--50);padding-left:var(--wp--preset--spacing--50)\">\n<div class=\"wp-block-columns alignwide is-layout-flex wp-container-core-columns-is-layout-1da03c2a wp-block-columns-is-layout-flex\">\n<div class=\"wp-block-column is-vertically-aligned-stretch is-layout-flow wp-block-column-is-layout-flow\" style=\"flex-basis:50%\">\n<div class=\"wp-block-group is-vertical is-content-justification-stretch is-layout-flex wp-container-core-group-is-layout-444d5ee8 wp-block-group-is-layout-flex\" style=\"min-height:100%\">\n<p class=\"has-headings-color has-text-color has-link-color wp-elements-2d9ab362ce03a2d79b5c1f093df066f3\">En Asesor\u00eda Mundo, creemos que el valor de un buen servicio reside en las personas que lo hacen posible. Por eso, contamos con un equipo de profesionales altamente cualificados en el \u00e1mbito laboral, fiscal y contable, comprometidos con ofrecer soluciones eficaces, personalizadas y siempre actualizadas a las necesidades de nuestros clientes.<\/p>\n\n\n\n<p class=\"has-headings-color has-text-color has-link-color wp-elements-34534f45f18bdf1ca85de37c7d104a91\">Nuestro equipo est\u00e1 formado por asesores laborales y fiscales y personal administrativo que combinan experiencia, rigor t\u00e9cnico y cercan\u00eda. <\/p>\n\n\n\n<p><\/p>\n\n\n\n<p><\/p>\n<\/div>\n<\/div>\n\n\n\n<div class=\"wp-block-column is-vertically-aligned-center is-layout-flow wp-block-column-is-layout-flow\" style=\"flex-basis:50%\">\n<figure class=\"wp-block-image size-large is-resized has-custom-border is-style-rounded\"><img loading=\"lazy\" decoding=\"async\" width=\"1024\" height=\"867\" src=\"https:\/\/asesoriamundo.com\/wp-content\/uploads\/2025\/09\/Copia-de-Beige-Professional-Minimalist-How-to-Carousel-Instagram-Post-28-1-1024x867.jpg\" alt=\"\" class=\"wp-image-237\" style=\"border-top-left-radius:26px;border-top-right-radius:26px;border-bottom-left-radius:26px;border-bottom-right-radius:26px;aspect-ratio:1.3333333333333333;object-fit:cover;width:496px;height:auto\" srcset=\"https:\/\/asesoriamundo.com\/wp-content\/uploads\/2025\/09\/Copia-de-Beige-Professional-Minimalist-How-to-Carousel-Instagram-Post-28-1-1024x867.jpg 1024w, https:\/\/asesoriamundo.com\/wp-content\/uploads\/2025\/09\/Copia-de-Beige-Professional-Minimalist-How-to-Carousel-Instagram-Post-28-1-300x254.jpg 300w, https:\/\/asesoriamundo.com\/wp-content\/uploads\/2025\/09\/Copia-de-Beige-Professional-Minimalist-How-to-Carousel-Instagram-Post-28-1-768x650.jpg 768w, https:\/\/asesoriamundo.com\/wp-content\/uploads\/2025\/09\/Copia-de-Beige-Professional-Minimalist-How-to-Carousel-Instagram-Post-28-1-1536x1300.jpg 1536w, https:\/\/asesoriamundo.com\/wp-content\/uploads\/2025\/09\/Copia-de-Beige-Professional-Minimalist-How-to-Carousel-Instagram-Post-28-1-2048x1734.jpg 2048w, https:\/\/asesoriamundo.com\/wp-content\/uploads\/2025\/09\/Copia-de-Beige-Professional-Minimalist-How-to-Carousel-Instagram-Post-28-1-1170x991.jpg 1170w\" sizes=\"(max-width: 1024px) 100vw, 1024px\" \/><\/figure>\n<\/div>\n<\/div>\n<\/div>\n\n\n\n<div class=\"wp-block-group alignfull is-layout-constrained wp-container-core-group-is-layout-669513ed wp-block-group-is-layout-constrained\" style=\"margin-top:0;margin-bottom:0;padding-top:var(--wp--preset--spacing--50);padding-right:var(--wp--preset--spacing--50);padding-bottom:var(--wp--preset--spacing--50);padding-left:var(--wp--preset--spacing--50)\">\n<div class=\"wp-block-group is-vertical is-content-justification-center is-layout-flex wp-container-core-group-is-layout-ce155fab wp-block-group-is-layout-flex\">\n<h1 class=\"wp-block-heading has-text-align-center has-xx-large-font-size\"><strong>Conoce a nuestro equipo<\/strong><\/h1>\n\n\n\n<p class=\"has-text-align-center has-headings-color has-text-color has-link-color wp-elements-897e32c7eb8511ca4d254fd9cecc99cb\">Nuestro conjunto de profesionales<\/p>\n<\/div>\n\n\n\n<div style=\"height:var(--wp--preset--spacing--30)\" aria-hidden=\"true\" class=\"wp-block-spacer\"><\/div>\n\n\n\n<div class=\"wp-block-columns alignwide is-layout-flex wp-container-core-columns-is-layout-4935966c wp-block-columns-is-layout-flex\" style=\"padding-right:0;padding-left:0\">\n<div class=\"wp-block-column is-layout-flow wp-block-column-is-layout-flow\">\n<figure class=\"wp-block-image size-full is-style-rounded\"><img loading=\"lazy\" decoding=\"async\" width=\"1076\" height=\"1044\" src=\"https:\/\/asesoriamundo.com\/wp-content\/uploads\/2025\/12\/IMG_0862-1.png\" alt=\"\" class=\"wp-image-243\" style=\"aspect-ratio:1;object-fit:cover\" srcset=\"https:\/\/asesoriamundo.com\/wp-content\/uploads\/2025\/12\/IMG_0862-1.png 1076w, https:\/\/asesoriamundo.com\/wp-content\/uploads\/2025\/12\/IMG_0862-1-300x291.png 300w, https:\/\/asesoriamundo.com\/wp-content\/uploads\/2025\/12\/IMG_0862-1-1024x994.png 1024w, https:\/\/asesoriamundo.com\/wp-content\/uploads\/2025\/12\/IMG_0862-1-768x745.png 768w\" sizes=\"(max-width: 1076px) 100vw, 1076px\" \/><\/figure>\n\n\n\n<div class=\"wp-block-group is-vertical is-content-justification-center is-nowrap is-layout-flex wp-container-core-group-is-layout-21d4e958 wp-block-group-is-layout-flex\">\n<p class=\"has-text-align-center has-dark-color has-text-color has-link-color has-small-font-size wp-elements-5fa24c2b1f920bf653d2d4df2c603f2e\"><strong>Paula Bautista<\/strong><\/p>\n\n\n\n<p class=\"has-text-align-center has-headings-color has-text-color has-link-color has-small-font-size wp-elements-474f59b0bd0a9fa5c547c603443a4071\">Abogada colegiada n\/3971icacs.<\/p>\n<\/div>\n<\/div>\n\n\n\n<div class=\"wp-block-column is-layout-flow wp-block-column-is-layout-flow\">\n<figure class=\"wp-block-image size-full is-style-rounded\"><img loading=\"lazy\" decoding=\"async\" width=\"1078\" height=\"977\" src=\"https:\/\/asesoriamundo.com\/wp-content\/uploads\/2025\/12\/IMG_0861.png\" alt=\"\" class=\"wp-image-244\" style=\"aspect-ratio:1;object-fit:cover\" srcset=\"https:\/\/asesoriamundo.com\/wp-content\/uploads\/2025\/12\/IMG_0861.png 1078w, https:\/\/asesoriamundo.com\/wp-content\/uploads\/2025\/12\/IMG_0861-300x272.png 300w, https:\/\/asesoriamundo.com\/wp-content\/uploads\/2025\/12\/IMG_0861-1024x928.png 1024w, https:\/\/asesoriamundo.com\/wp-content\/uploads\/2025\/12\/IMG_0861-768x696.png 768w\" sizes=\"(max-width: 1078px) 100vw, 1078px\" \/><\/figure>\n\n\n\n<div class=\"wp-block-group is-vertical is-content-justification-center is-nowrap is-layout-flex wp-container-core-group-is-layout-63bfd6c1 wp-block-group-is-layout-flex\">\n<p class=\"has-text-align-center has-dark-color has-text-color has-link-color has-small-font-size wp-elements-57dddf45f2ec05a1fd602f7e8f3c3bed\"><strong>Davinia Ruiz<\/strong><\/p>\n\n\n\n<p class=\"has-text-align-center has-dark-color has-text-color has-link-color has-small-font-size wp-elements-e74e7e90a0ab498c9d8786360acccc00\">Departamento laboral y fiscal.<\/p>\n<\/div>\n<\/div>\n\n\n\n<div class=\"wp-block-column is-layout-flow wp-block-column-is-layout-flow\">\n<figure class=\"wp-block-image size-full is-style-rounded\"><img loading=\"lazy\" decoding=\"async\" width=\"1074\" height=\"1075\" src=\"https:\/\/asesoriamundo.com\/wp-content\/uploads\/2025\/12\/IMG_0860.png\" alt=\"\" class=\"wp-image-245\" style=\"aspect-ratio:1;object-fit:cover\" srcset=\"https:\/\/asesoriamundo.com\/wp-content\/uploads\/2025\/12\/IMG_0860.png 1074w, https:\/\/asesoriamundo.com\/wp-content\/uploads\/2025\/12\/IMG_0860-300x300.png 300w, https:\/\/asesoriamundo.com\/wp-content\/uploads\/2025\/12\/IMG_0860-1024x1024.png 1024w, https:\/\/asesoriamundo.com\/wp-content\/uploads\/2025\/12\/IMG_0860-150x150.png 150w, https:\/\/asesoriamundo.com\/wp-content\/uploads\/2025\/12\/IMG_0860-768x769.png 768w\" sizes=\"(max-width: 1074px) 100vw, 1074px\" \/><\/figure>\n\n\n\n<div class=\"wp-block-group is-vertical is-content-justification-center is-nowrap is-layout-flex wp-container-core-group-is-layout-63bfd6c1 wp-block-group-is-layout-flex\">\n<p class=\"has-text-align-center has-dark-color has-text-color has-link-color has-small-font-size wp-elements-b93f9e3c02cb38bf74bd99cb4b2f2a5f\"><strong>Diana Arias<\/strong><\/p>\n\n\n\n<p class=\"has-text-align-center has-dark-color has-text-color has-link-color has-small-font-size wp-elements-c44af15153356556a0e56a1f95df6677\">Departamento jur\u00eddico.<\/p>\n<\/div>\n<\/div>\n<\/div>\n<\/div>\n\n\n\n<div class=\"wp-block-group alignfull has-base-color has-contrast-background-color has-text-color has-background has-link-color wp-elements-2903ec5b55138def3426c5b0d15f3e35 is-layout-constrained wp-container-core-group-is-layout-d89aad35 wp-block-group-is-layout-constrained\" style=\"margin-top:0;margin-bottom:0;padding-top:var(--wp--preset--spacing--50);padding-right:var(--wp--preset--spacing--50);padding-bottom:var(--wp--preset--spacing--50);padding-left:var(--wp--preset--spacing--50)\">\n<div class=\"wp-block-group alignwide is-layout-flow wp-block-group-is-layout-flow\">\n<hr class=\"wp-block-separator has-text-color has-base-color has-alpha-channel-opacity has-base-background-color has-background is-style-wide\" style=\"margin-top:var(--wp--preset--spacing--30);margin-bottom:var(--wp--preset--spacing--30)\"\/>\n\n\n<div class=\"wp-block-template-part\">\n<div class=\"wp-block-columns has-dark-background-color has-background is-layout-flex wp-container-core-columns-is-layout-0debf45c wp-block-columns-is-layout-flex\" style=\"margin-top:0;margin-bottom:0;padding-right:0;padding-left:0\">\n<div class=\"wp-block-column is-vertically-aligned-center is-layout-constrained wp-container-core-column-is-layout-0a1115fc wp-block-column-is-layout-constrained\" style=\"border-right-style:none;border-right-width:0px;border-bottom-style:none;border-bottom-width:0px;padding-top:92px;padding-right:5%;padding-bottom:92px;padding-left:5%\">\n<div class=\"wp-block-group is-nowrap is-layout-flex wp-container-core-group-is-layout-f66f9956 wp-block-group-is-layout-flex\">\n<figure class=\"wp-block-image size-full is-resized no-shrink\"><img loading=\"lazy\" decoding=\"async\" width=\"211\" height=\"119\" src=\"https:\/\/asesoriamundo.com\/wp-content\/uploads\/2025\/10\/Ubicacion-4.png\" alt=\"\" class=\"wp-image-275\" style=\"width:117px;height:auto\"\/><\/figure>\n\n\n\n<div class=\"wp-block-group is-layout-constrained wp-container-core-group-is-layout-346627ba wp-block-group-is-layout-constrained\">\n<h2 class=\"wp-block-heading has-light-color has-text-color has-link-color wp-elements-1650747213b36f8996c4a7f2144cf47b\" style=\"font-size:1.25rem\">Horario<\/h2>\n\n\n\n<p class=\"has-background-color has-text-color has-link-color wp-elements-7ebe01ef73956561c579f6e6162a094d\">Lunes a jueves 9:00 | 18:30h. <\/p>\n\n\n\n<p class=\"has-background-color has-text-color has-link-color wp-elements-e384db60534de3b3124daa59b9db1cd7\">Viernes 9:00 | 14:30h. <\/p>\n<\/div>\n<\/div>\n\n\n\n<div class=\"wp-block-group is-nowrap is-layout-flex wp-container-core-group-is-layout-f66f9956 wp-block-group-is-layout-flex\">\n<figure class=\"wp-block-image size-full is-resized no-shrink\"><img loading=\"lazy\" decoding=\"async\" width=\"209\" height=\"123\" src=\"https:\/\/asesoriamundo.com\/wp-content\/uploads\/2025\/10\/Ubicacion-3.png\" alt=\"\" class=\"wp-image-274\" style=\"width:117px;height:auto\"\/><\/figure>\n\n\n\n<div class=\"wp-block-group is-layout-constrained wp-container-core-group-is-layout-346627ba wp-block-group-is-layout-constrained\">\n<h2 class=\"wp-block-heading has-light-color has-text-color has-link-color wp-elements-28626ea3038990fbfea137c868d858ea\" style=\"font-size:1.25rem\">Whatsapp<\/h2>\n\n\n\n<p class=\"has-background-color has-text-color has-link-color wp-elements-39bf95a2f45a0636b43748c411a99f86\"><a href=\"tel:34692139236\">+34 692 139 236<\/a><\/p>\n<\/div>\n<\/div>\n\n\n\n<div class=\"wp-block-group is-nowrap is-layout-flex wp-container-core-group-is-layout-f66f9956 wp-block-group-is-layout-flex\">\n<figure class=\"wp-block-image size-full is-resized no-shrink\"><img fetchpriority=\"high\" decoding=\"async\" fetchpriority=\"high\" width=\"400\" height=\"200\" src=\"https:\/\/asesoriamundo.com\/wp-content\/uploads\/2025\/10\/10.png\" alt=\"\" class=\"wp-image-159\" style=\"width:117px;height:auto\" srcset=\"https:\/\/asesoriamundo.com\/wp-content\/uploads\/2025\/10\/10.png 400w, https:\/\/asesoriamundo.com\/wp-content\/uploads\/2025\/10\/10-300x150.png 300w\" sizes=\"(max-width: 400px) 100vw, 400px\" \/><\/figure>\n\n\n\n<div class=\"wp-block-group is-layout-constrained wp-container-core-group-is-layout-346627ba wp-block-group-is-layout-constrained\">\n<h2 class=\"wp-block-heading has-light-color has-text-color has-link-color wp-elements-fd4106172800cb7782b55bad0f623cee\" style=\"font-size:1.25rem\">Tel\u00e9fono<\/h2>\n\n\n\n<p class=\"has-background-color has-text-color has-link-color wp-elements-ab879d05c3218a0862cc5112885c3fe4\"><a href=\"tel:964462002\">964 462 002<\/a><\/p>\n<\/div>\n<\/div>\n\n\n\n<figure class=\"wp-block-image alignleft size-full is-resized no-shrink\"><img loading=\"lazy\" decoding=\"async\" loading=\"lazy\" width=\"171\" height=\"123\" src=\"https:\/\/asesoriamundo.com\/wp-content\/uploads\/2025\/10\/Ubicacion-6.png\" alt=\"\" class=\"wp-image-278\" style=\"aspect-ratio:1.3902740064181685;width:98px;height:auto\"\/><\/figure>\n\n\n\n<h2 class=\"wp-block-heading has-light-color has-text-color has-link-color wp-elements-a1b704461478d47f975e87f2b2413971\" style=\"font-size:1.25rem\">Ubicaci\u00f3n<\/h2>\n\n\n\n<p>Plaza de la Comunitat Valenciana 1, Benicarl\u00f3.<\/p>\n\n\n\n<div class=\"wp-block-group is-nowrap is-layout-flex wp-container-core-group-is-layout-f66f9956 wp-block-group-is-layout-flex\">\n<figure class=\"wp-block-image size-full is-resized no-shrink\"><img loading=\"lazy\" decoding=\"async\" loading=\"lazy\" width=\"192\" height=\"101\" src=\"https:\/\/asesoriamundo.com\/wp-content\/uploads\/2025\/10\/Ubicacion-5-1.png\" alt=\"\" class=\"wp-image-277\" style=\"width:117px;height:auto\"\/><\/figure>\n\n\n\n<div class=\"wp-block-group is-layout-constrained wp-container-core-group-is-layout-346627ba wp-block-group-is-layout-constrained\">\n<h2 class=\"wp-block-heading has-light-color has-text-color has-link-color wp-elements-f28648f0adb73fa011d1fd6d3d03ac08\" style=\"font-size:1.25rem\">Correo electr\u00f3nico<\/h2>\n\n\n\n<p class=\"has-background-color has-text-color has-link-color wp-elements-0df743e259207e2ba052ac4091d9877b\"><a href=\"mailto:juridico@asesoriamundo.com\">juridico@asesoriamundo.com<\/a><\/p>\n<\/div>\n<\/div>\n<\/div>\n\n\n\n<div class=\"wp-block-column is-vertically-aligned-stretch is-layout-flow wp-container-core-column-is-layout-421f3f2f wp-block-column-is-layout-flow\" style=\"border-style:none;border-width:0px;padding-top:140px;padding-right:5%;padding-bottom:140px;padding-left:5%\">\n<div class=\"wp-block-group is-vertical is-nowrap is-layout-flex wp-container-core-group-is-layout-3655d5c7 wp-block-group-is-layout-flex\">\n<iframe src=\"https:\/\/www.google.com\/maps\/embed?pb=!1m18!1m12!1m3!1d3037.744878534914!2d0.4291467!3d40.4145022!2m3!1f0!2f0!3f0!3m2!1i1024!2i768!4f13.1!3m3!1m2!1s0x12a045be62d9fd2f%3A0x6598cdc71be6520!2sPla%C3%A7a%20Comunitat%20Valenciana%2C%201%2C%2012580%20Benicarl%C3%B3%2C%20Castell%C3%B3!5e0!3m2!1ses!2ses!4v1759399674506!5m2!1ses!2ses\" width=\"400\" height=\"300\" style=\"border:0;\" allowfullscreen=\"\" loading=\"lazy\" referrerpolicy=\"no-referrer-when-downgrade\"><\/iframe>\n<\/div>\n<\/div>\n<\/div>\n<\/div>\n\n\n<div style=\"margin-top:var(--wp--preset--spacing--10);margin-bottom:0;height:var(--wp--preset--spacing--10)\" aria-hidden=\"true\" class=\"wp-block-spacer\"><\/div>\n<\/div>\n<\/div>\n\n\n\n<p><\/p>\n","protected":false},"excerpt":{"rendered":"<p>En Asesor\u00eda Mundo, creemos que el valor de un buen servicio reside en las personas que lo hacen posible. Por eso, contamos con un equipo de profesionales altamente cualificados en el \u00e1mbito laboral, fiscal y contable, comprometidos con ofrecer soluciones eficaces, personalizadas y siempre actualizadas a las necesidades de nuestros clientes. Nuestro equipo est\u00e1 formado [&hellip;]<\/p>\n","protected":false},"author":1,"featured_media":0,"parent":0,"menu_order":0,"comment_status":"closed","ping_status":"closed","template":"","meta":{"footnotes":""},"class_list":["post-8","page","type-page","status-publish","hentry"],"_links":{"self":[{"href":"https:\/\/asesoriamundo.com\/index.php\/wp-json\/wp\/v2\/pages\/8","targetHints":{"allow":["GET"]}}],"collection":[{"href":"https:\/\/asesoriamundo.com\/index.php\/wp-json\/wp\/v2\/pages"}],"about":[{"href":"https:\/\/asesoriamundo.com\/index.php\/wp-json\/wp\/v2\/types\/page"}],"author":[{"embeddable":true,"href":"https:\/\/asesoriamundo.com\/index.php\/wp-json\/wp\/v2\/users\/1"}],"replies":[{"embeddable":true,"href":"https:\/\/asesoriamundo.com\/index.php\/wp-json\/wp\/v2\/comments?post=8"}],"version-history":[{"count":21,"href":"https:\/\/asesoriamundo.com\/index.php\/wp-json\/wp\/v2\/pages\/8\/revisions"}],"predecessor-version":[{"id":310,"href":"https:\/\/asesoriamundo.com\/index.php\/wp-json\/wp\/v2\/pages\/8\/revisions\/310"}],"wp:attachment":[{"href":"https:\/\/asesoriamundo.com\/index.php\/wp-json\/wp\/v2\/media?parent=8"}],"curies":[{"name":"wp","href":"https:\/\/api.w.org\/{rel}","templated":true}]}}